{"id":7,"date":"2025-04-16T17:48:17","date_gmt":"2025-04-16T15:48:17","guid":{"rendered":"https:\/\/valleedelaroche.loxys.fr\/?page_id=7"},"modified":"2025-10-27T14:31:54","modified_gmt":"2025-10-27T13:31:54","slug":"le-domaine","status":"publish","type":"page","link":"https:\/\/valleedelaroche.loxys.fr\/?page_id=7","title":{"rendered":"LE DOMAINE"},"content":{"rendered":"\t\t<div data-elementor-type=\"wp-post\" data-elementor-id=\"7\" class=\"elementor elementor-7\" data-elementor-post-type=\"page\">\n\t\t\t\t<div class=\"elementor-element elementor-element-1829404 e-con-full e-flex e-con e-parent\" data-id=\"1829404\" data-element_type=\"container\">\n\t\t\t\t<div class=\"elementor-element elementor-element-40508a3 elementor-widget elementor-widget-heading\" data-id=\"40508a3\" data-element_type=\"widget\" data-widget_type=\"heading.default\">\n\t\t\t\t<div class=\"elementor-widget-container\">\n\t\t\t\t\t<h2 class=\"elementor-heading-title elementor-size-default\">UN DOMAINE D\u2019EXCEPTION EN VEND\u00c9E<\/h2>\t\t\t\t<\/div>\n\t\t\t\t<\/div>\n\t\t\t\t<div class=\"elementor-element elementor-element-beec5b0 elementor-widget elementor-widget-text-editor\" data-id=\"beec5b0\" data-element_type=\"widget\" data-widget_type=\"text-editor.default\">\n\t\t\t\t<div class=\"elementor-widget-container\">\n\t\t\t\t\t\t\t\t\t<p><span style=\"white-space-collapse: preserve;\">A environ 15mn du\u00a0Puy du Fou\u00ae\u00a0cette ferme vend\u00e9enne r\u00e9nov\u00e9e\u00a0vous offre ces g\u00eetes d\u2019exception am\u00e9nag\u00e9s avec confort et modernit\u00e9 de 6 \u00e0 24 personnes dans des lieux enti\u00e8rement restaur\u00e9s. La Vall\u00e9e de la Roche vous accueille toute l\u2019ann\u00e9e et est l\u2019endroit id\u00e9al pour passer un s\u00e9jour agr\u00e9able en famille ou entres \u00a0amis, la d\u00e9tente et le farniente \u00e9tant de mise.<\/span><\/p>\t\t\t\t\t\t\t\t<\/div>\n\t\t\t\t<\/div>\n\t\t\t\t<div class=\"elementor-element elementor-element-3005cff elementor-widget elementor-widget-spacer\" data-id=\"3005cff\" data-element_type=\"widget\" data-widget_type=\"spacer.default\">\n\t\t\t\t<div class=\"elementor-widget-container\">\n\t\t\t\t\t\t\t<div class=\"elementor-spacer\">\n\t\t\t<div class=\"elementor-spacer-inner\"><\/div>\n\t\t<\/div>\n\t\t\t\t\t\t<\/div>\n\t\t\t\t<\/div>\n\t\t\t\t<\/div>\n\t\t<div class=\"elementor-element elementor-element-e1774b4 e-flex e-con-boxed e-con e-parent\" data-id=\"e1774b4\" data-element_type=\"container\" data-settings=\"{&quot;background_background&quot;:&quot;classic&quot;}\">\n\t\t\t\t\t<div class=\"e-con-inner\">\n\t\t\t\t<div class=\"elementor-element elementor-element-5c352ed elementor-widget-mobile__width-initial elementor-widget elementor-widget-heading\" data-id=\"5c352ed\" data-element_type=\"widget\" data-widget_type=\"heading.default\">\n\t\t\t\t<div class=\"elementor-widget-container\">\n\t\t\t\t\t<h2 class=\"elementor-heading-title elementor-size-default\">UN PETIT PARADIS, N\u00c9 D'UN GRAND PARI<\/h2>\t\t\t\t<\/div>\n\t\t\t\t<\/div>\n\t\t\t\t<div class=\"elementor-element elementor-element-d7589ad elementor-widget-mobile__width-initial elementor-widget elementor-widget-text-editor\" data-id=\"d7589ad\" data-element_type=\"widget\" data-widget_type=\"text-editor.default\">\n\t\t\t\t<div class=\"elementor-widget-container\">\n\t\t\t\t\t\t\t\t\t<p>D\u00e9but 2002 nous avons relev\u00e9 l\u2019audacieux pari de donner une nouvelle vie au Moulin de la Roche. Pouss\u00e9s par l\u2019amour des vieilles pierres, l\u2019excitation d\u2019un geste unique pour la conservation d\u2019un patrimoine rare, famille et amis se sont rel\u00e9gu\u00e9s autour de nous pour permettre \u00e0 chaque pierre, chaque poutre, chaque tuile, de rena\u00eetre, comme un tr\u00e9sor oubli\u00e9 \u00a0dans un \u00e9crin de verdure. La roue qui avait suspendu ses cycles, il y a plus d\u2019un si\u00e8cle, par la magie d\u2019une aventure humaine forte s\u2019est remise \u00e0 tourner\u2026 Des ann\u00e9es de travail, de sueur, d\u2019\u00e9nergie et de passion, nous permettent de vous accueillir aujourd\u2019hui \u00e0 la Vall\u00e9e de la Roche. Nous vous souhaitons un bon s\u00e9jour dans ce petit bout du monde, ce havre de paix que nous avons voulu serein, unique et empreint de toute l\u2019amiti\u00e9 qui nous a \u00e9t\u00e9 t\u00e9moign\u00e9e durant sa r\u00e9novation.<\/p>\t\t\t\t\t\t\t\t<\/div>\n\t\t\t\t<\/div>\n\t\t<div class=\"elementor-element elementor-element-49fb66d e-con-full e-grid e-con e-child\" data-id=\"49fb66d\" data-element_type=\"container\">\n\t\t<div class=\"elementor-element elementor-element-2935351 e-con-full e-flex e-con e-child\" data-id=\"2935351\" data-element_type=\"container\">\n\t\t\t\t<div class=\"elementor-element elementor-element-f127f00 elementor-widget__width-inherit elementor-widget elementor-widget-heading\" data-id=\"f127f00\" data-element_type=\"widget\" data-widget_type=\"heading.default\">\n\t\t\t\t<div class=\"elementor-widget-container\">\n\t\t\t\t\t<h2 class=\"elementor-heading-title elementor-size-default\">2002<\/h2>\t\t\t\t<\/div>\n\t\t\t\t<\/div>\n\t\t\t\t<div class=\"elementor-element elementor-element-71fb8af elementor-widget__width-initial elementor-widget elementor-widget-image\" data-id=\"71fb8af\" data-element_type=\"widget\" data-widget_type=\"image.default\">\n\t\t\t\t<div class=\"elementor-widget-container\">\n\t\t\t\t\t\t\t\t\t\t\t\t\t\t\t<img fetchpriority=\"high\" decoding=\"async\" width=\"800\" height=\"543\" src=\"https:\/\/valleedelaroche.loxys.fr\/wp-content\/uploads\/2025\/08\/2002-1024x695.jpeg\" class=\"attachment-large size-large wp-image-203\" alt=\"\" srcset=\"https:\/\/valleedelaroche.loxys.fr\/wp-content\/uploads\/2025\/08\/2002-1024x695.jpeg 1024w, https:\/\/valleedelaroche.loxys.fr\/wp-content\/uploads\/2025\/08\/2002-300x204.jpeg 300w, https:\/\/valleedelaroche.loxys.fr\/wp-content\/uploads\/2025\/08\/2002-768x521.jpeg 768w, https:\/\/valleedelaroche.loxys.fr\/wp-content\/uploads\/2025\/08\/2002-1536x1043.jpeg 1536w, https:\/\/valleedelaroche.loxys.fr\/wp-content\/uploads\/2025\/08\/2002.jpeg 1750w\" sizes=\"(max-width: 800px) 100vw, 800px\" \/>\t\t\t\t\t\t\t\t\t\t\t\t\t\t\t<\/div>\n\t\t\t\t<\/div>\n\t\t\t\t<\/div>\n\t\t<div class=\"elementor-element elementor-element-632afc0 e-con-full e-flex e-con e-child\" data-id=\"632afc0\" data-element_type=\"container\">\n\t\t\t\t<div class=\"elementor-element elementor-element-0f58500 elementor-widget__width-initial elementor-widget elementor-widget-image\" data-id=\"0f58500\" data-element_type=\"widget\" data-widget_type=\"image.default\">\n\t\t\t\t<div class=\"elementor-widget-container\">\n\t\t\t\t\t\t\t\t\t\t\t\t\t\t\t<img decoding=\"async\" width=\"800\" height=\"534\" src=\"https:\/\/valleedelaroche.loxys.fr\/wp-content\/uploads\/2025\/08\/DJI_0287-copie-2-1024x683.jpg\" class=\"attachment-large size-large wp-image-204\" alt=\"\" srcset=\"https:\/\/valleedelaroche.loxys.fr\/wp-content\/uploads\/2025\/08\/DJI_0287-copie-2-1024x683.jpg 1024w, https:\/\/valleedelaroche.loxys.fr\/wp-content\/uploads\/2025\/08\/DJI_0287-copie-2-300x200.jpg 300w, https:\/\/valleedelaroche.loxys.fr\/wp-content\/uploads\/2025\/08\/DJI_0287-copie-2-768x512.jpg 768w, https:\/\/valleedelaroche.loxys.fr\/wp-content\/uploads\/2025\/08\/DJI_0287-copie-2-1536x1024.jpg 1536w, https:\/\/valleedelaroche.loxys.fr\/wp-content\/uploads\/2025\/08\/DJI_0287-copie-2-2048x1365.jpg 2048w\" sizes=\"(max-width: 800px) 100vw, 800px\" \/>\t\t\t\t\t\t\t\t\t\t\t\t\t\t\t<\/div>\n\t\t\t\t<\/div>\n\t\t\t\t<div class=\"elementor-element elementor-element-c10aef4 elementor-widget elementor-widget-heading\" data-id=\"c10aef4\" data-element_type=\"widget\" data-widget_type=\"heading.default\">\n\t\t\t\t<div class=\"elementor-widget-container\">\n\t\t\t\t\t<h2 class=\"elementor-heading-title elementor-size-default\">2025<\/h2>\t\t\t\t<\/div>\n\t\t\t\t<\/div>\n\t\t\t\t<\/div>\n\t\t\t\t<\/div>\n\t\t\t\t\t<\/div>\n\t\t\t\t<\/div>\n\t\t<div class=\"elementor-element elementor-element-dc0af9a e-flex e-con-boxed e-con e-parent\" data-id=\"dc0af9a\" data-element_type=\"container\">\n\t\t\t\t\t<div class=\"e-con-inner\">\n\t\t\t\t<div class=\"elementor-element elementor-element-3df39fd elementor-widget elementor-widget-spacer\" data-id=\"3df39fd\" data-element_type=\"widget\" data-widget_type=\"spacer.default\">\n\t\t\t\t<div class=\"elementor-widget-container\">\n\t\t\t\t\t\t\t<div class=\"elementor-spacer\">\n\t\t\t<div class=\"elementor-spacer-inner\"><\/div>\n\t\t<\/div>\n\t\t\t\t\t\t<\/div>\n\t\t\t\t<\/div>\n\t\t\t\t<div class=\"elementor-element elementor-element-37b7863 elementor-widget elementor-widget-text-editor\" data-id=\"37b7863\" data-element_type=\"widget\" data-widget_type=\"text-editor.default\">\n\t\t\t\t<div class=\"elementor-widget-container\">\n\t\t\t\t\t\t\t\t\t<p><strong>UNE \u00c9QUIPE<\/strong> \u00c0 VOS C\u00d4T\u00c9S<\/p>\t\t\t\t\t\t\t\t<\/div>\n\t\t\t\t<\/div>\n\t\t\t\t\t<\/div>\n\t\t\t\t<\/div>\n\t\t<div class=\"elementor-element elementor-element-7fe3610 e-grid e-con-boxed e-con e-parent\" data-id=\"7fe3610\" data-element_type=\"container\">\n\t\t\t\t\t<div class=\"e-con-inner\">\n\t\t<div class=\"elementor-element elementor-element-a7c5154 e-con-full e-flex e-con e-child\" data-id=\"a7c5154\" data-element_type=\"container\">\n\t\t\t\t<div class=\"elementor-element elementor-element-07740e4 elementor-widget__width-initial elementor-widget elementor-widget-image\" data-id=\"07740e4\" data-element_type=\"widget\" data-widget_type=\"image.default\">\n\t\t\t\t<div class=\"elementor-widget-container\">\n\t\t\t\t\t\t\t\t\t\t\t\t\t\t\t<img decoding=\"async\" width=\"800\" height=\"844\" src=\"https:\/\/valleedelaroche.loxys.fr\/wp-content\/uploads\/2025\/10\/IMG_1968-2-scaled-e1760617859716-971x1024.jpeg\" class=\"attachment-large size-large wp-image-412\" alt=\"\" srcset=\"https:\/\/valleedelaroche.loxys.fr\/wp-content\/uploads\/2025\/10\/IMG_1968-2-scaled-e1760617859716-971x1024.jpeg 971w, https:\/\/valleedelaroche.loxys.fr\/wp-content\/uploads\/2025\/10\/IMG_1968-2-scaled-e1760617859716-284x300.jpeg 284w, https:\/\/valleedelaroche.loxys.fr\/wp-content\/uploads\/2025\/10\/IMG_1968-2-scaled-e1760617859716-768x810.jpeg 768w, https:\/\/valleedelaroche.loxys.fr\/wp-content\/uploads\/2025\/10\/IMG_1968-2-scaled-e1760617859716.jpeg 1092w\" sizes=\"(max-width: 800px) 100vw, 800px\" \/>\t\t\t\t\t\t\t\t\t\t\t\t\t\t\t<\/div>\n\t\t\t\t<\/div>\n\t\t\t\t<div class=\"elementor-element elementor-element-41ca02c elementor-widget elementor-widget-text-editor\" data-id=\"41ca02c\" data-element_type=\"widget\" data-widget_type=\"text-editor.default\">\n\t\t\t\t<div class=\"elementor-widget-container\">\n\t\t\t\t\t\t\t\t\t<p><b>Christiane<\/b><strong>\u00a0<strong>MAINDRON<\/strong><\/strong><\/p><p>Propri\u00e9taire du domaine<\/p><p>et ex-responsable<\/p>\t\t\t\t\t\t\t\t<\/div>\n\t\t\t\t<\/div>\n\t\t\t\t<\/div>\n\t\t<div class=\"elementor-element elementor-element-b17e8ce e-con-full e-flex e-con e-child\" data-id=\"b17e8ce\" data-element_type=\"container\">\n\t\t\t\t<div class=\"elementor-element elementor-element-501ad8f elementor-widget__width-initial elementor-widget elementor-widget-image\" data-id=\"501ad8f\" data-element_type=\"widget\" data-widget_type=\"image.default\">\n\t\t\t\t<div class=\"elementor-widget-container\">\n\t\t\t\t\t\t\t\t\t\t\t\t\t\t\t<img loading=\"lazy\" decoding=\"async\" width=\"800\" height=\"766\" src=\"https:\/\/valleedelaroche.loxys.fr\/wp-content\/uploads\/2025\/10\/IMG_1975-1-scaled-e1760617930875-1024x981.jpeg\" class=\"attachment-large size-large wp-image-413\" alt=\"\" srcset=\"https:\/\/valleedelaroche.loxys.fr\/wp-content\/uploads\/2025\/10\/IMG_1975-1-scaled-e1760617930875-1024x981.jpeg 1024w, https:\/\/valleedelaroche.loxys.fr\/wp-content\/uploads\/2025\/10\/IMG_1975-1-scaled-e1760617930875-300x287.jpeg 300w, https:\/\/valleedelaroche.loxys.fr\/wp-content\/uploads\/2025\/10\/IMG_1975-1-scaled-e1760617930875-768x735.jpeg 768w, https:\/\/valleedelaroche.loxys.fr\/wp-content\/uploads\/2025\/10\/IMG_1975-1-scaled-e1760617930875.jpeg 1203w\" sizes=\"(max-width: 800px) 100vw, 800px\" \/>\t\t\t\t\t\t\t\t\t\t\t\t\t\t\t<\/div>\n\t\t\t\t<\/div>\n\t\t\t\t<div class=\"elementor-element elementor-element-8a7dd4d elementor-widget elementor-widget-text-editor\" data-id=\"8a7dd4d\" data-element_type=\"widget\" data-widget_type=\"text-editor.default\">\n\t\t\t\t<div class=\"elementor-widget-container\">\n\t\t\t\t\t\t\t\t\t<p><b>Philippe<\/b><strong>\u00a0<strong>MAINDRON<\/strong><\/strong><\/p><p>Propri\u00e9taire du domaine<\/p>\t\t\t\t\t\t\t\t<\/div>\n\t\t\t\t<\/div>\n\t\t\t\t<\/div>\n\t\t<div class=\"elementor-element elementor-element-377c6a4 e-con-full e-flex e-con e-child\" data-id=\"377c6a4\" data-element_type=\"container\">\n\t\t\t\t<div class=\"elementor-element elementor-element-4bb3c2f elementor-widget__width-initial elementor-widget elementor-widget-image\" data-id=\"4bb3c2f\" data-element_type=\"widget\" data-widget_type=\"image.default\">\n\t\t\t\t<div class=\"elementor-widget-container\">\n\t\t\t\t\t\t\t\t\t\t\t\t\t\t\t<img loading=\"lazy\" decoding=\"async\" width=\"768\" height=\"1024\" src=\"https:\/\/valleedelaroche.loxys.fr\/wp-content\/uploads\/2025\/10\/Vallee_de_la_Roche_BD_07-768x1024.jpg\" class=\"attachment-large size-large wp-image-407\" alt=\"\" srcset=\"https:\/\/valleedelaroche.loxys.fr\/wp-content\/uploads\/2025\/10\/Vallee_de_la_Roche_BD_07-768x1024.jpg 768w, https:\/\/valleedelaroche.loxys.fr\/wp-content\/uploads\/2025\/10\/Vallee_de_la_Roche_BD_07-225x300.jpg 225w, https:\/\/valleedelaroche.loxys.fr\/wp-content\/uploads\/2025\/10\/Vallee_de_la_Roche_BD_07-1152x1536.jpg 1152w, https:\/\/valleedelaroche.loxys.fr\/wp-content\/uploads\/2025\/10\/Vallee_de_la_Roche_BD_07.jpg 1500w\" sizes=\"(max-width: 768px) 100vw, 768px\" \/>\t\t\t\t\t\t\t\t\t\t\t\t\t\t\t<\/div>\n\t\t\t\t<\/div>\n\t\t\t\t<div class=\"elementor-element elementor-element-e4cbbb3 elementor-widget elementor-widget-text-editor\" data-id=\"e4cbbb3\" data-element_type=\"widget\" data-widget_type=\"text-editor.default\">\n\t\t\t\t<div class=\"elementor-widget-container\">\n\t\t\t\t\t\t\t\t\t<p><b>Josselin<\/b><strong>\u00a0<strong>MAINDRON<\/strong><\/strong><\/p><p>Gestionnaire du domaine<\/p>\t\t\t\t\t\t\t\t<\/div>\n\t\t\t\t<\/div>\n\t\t\t\t<\/div>\n\t\t<div class=\"elementor-element elementor-element-a39ad3e e-con-full e-flex e-con e-child\" data-id=\"a39ad3e\" data-element_type=\"container\">\n\t\t\t\t<div class=\"elementor-element elementor-element-60a990e elementor-widget__width-initial elementor-widget elementor-widget-image\" data-id=\"60a990e\" data-element_type=\"widget\" data-widget_type=\"image.default\">\n\t\t\t\t<div class=\"elementor-widget-container\">\n\t\t\t\t\t\t\t\t\t\t\t\t\t\t\t<img loading=\"lazy\" decoding=\"async\" width=\"800\" height=\"1000\" src=\"https:\/\/valleedelaroche.loxys.fr\/wp-content\/uploads\/2025\/10\/Photo-Rachel-819x1024.png\" class=\"attachment-large size-large wp-image-406\" alt=\"\" srcset=\"https:\/\/valleedelaroche.loxys.fr\/wp-content\/uploads\/2025\/10\/Photo-Rachel-819x1024.png 819w, https:\/\/valleedelaroche.loxys.fr\/wp-content\/uploads\/2025\/10\/Photo-Rachel-240x300.png 240w, https:\/\/valleedelaroche.loxys.fr\/wp-content\/uploads\/2025\/10\/Photo-Rachel-768x960.png 768w, https:\/\/valleedelaroche.loxys.fr\/wp-content\/uploads\/2025\/10\/Photo-Rachel.png 1080w\" sizes=\"(max-width: 800px) 100vw, 800px\" \/>\t\t\t\t\t\t\t\t\t\t\t\t\t\t\t<\/div>\n\t\t\t\t<\/div>\n\t\t\t\t<div class=\"elementor-element elementor-element-9df27ab elementor-widget elementor-widget-text-editor\" data-id=\"9df27ab\" data-element_type=\"widget\" data-widget_type=\"text-editor.default\">\n\t\t\t\t<div class=\"elementor-widget-container\">\n\t\t\t\t\t\t\t\t\t<p><b>Rachel<\/b><strong>\u00a0<strong>HAMEL<\/strong><\/strong><\/p><p>Agent d&rsquo;entretien<\/p>\t\t\t\t\t\t\t\t<\/div>\n\t\t\t\t<\/div>\n\t\t\t\t<\/div>\n\t\t<div class=\"elementor-element elementor-element-5ea6c14 e-con-full e-flex e-con e-child\" data-id=\"5ea6c14\" data-element_type=\"container\">\n\t\t\t\t<div class=\"elementor-element elementor-element-5bda72c elementor-widget__width-initial elementor-widget elementor-widget-image\" data-id=\"5bda72c\" data-element_type=\"widget\" data-widget_type=\"image.default\">\n\t\t\t\t<div class=\"elementor-widget-container\">\n\t\t\t\t\t\t\t\t\t\t\t\t\t\t\t<img decoding=\"async\" src=\"https:\/\/valleedelaroche.loxys.fr\/wp-content\/plugins\/elementor\/assets\/images\/placeholder.png\" title=\"\" alt=\"\" loading=\"lazy\" \/>\t\t\t\t\t\t\t\t\t\t\t\t\t\t\t<\/div>\n\t\t\t\t<\/div>\n\t\t\t\t<div class=\"elementor-element elementor-element-caf91f9 elementor-widget elementor-widget-text-editor\" data-id=\"caf91f9\" data-element_type=\"widget\" data-widget_type=\"text-editor.default\">\n\t\t\t\t<div class=\"elementor-widget-container\">\n\t\t\t\t\t\t\t\t\t<p><b>Nicolas<\/b><strong>\u00a0<strong>Gobin<\/strong><\/strong><\/p><p>Technicien<\/p>\t\t\t\t\t\t\t\t<\/div>\n\t\t\t\t<\/div>\n\t\t\t\t<\/div>\n\t\t<div class=\"elementor-element elementor-element-5743892 e-con-full e-flex e-con e-child\" data-id=\"5743892\" data-element_type=\"container\">\n\t\t\t\t<div class=\"elementor-element elementor-element-7197c68 elementor-widget__width-initial elementor-widget elementor-widget-image\" data-id=\"7197c68\" data-element_type=\"widget\" data-widget_type=\"image.default\">\n\t\t\t\t<div class=\"elementor-widget-container\">\n\t\t\t\t\t\t\t\t\t\t\t\t\t\t\t<img decoding=\"async\" src=\"https:\/\/valleedelaroche.loxys.fr\/wp-content\/plugins\/elementor\/assets\/images\/placeholder.png\" title=\"\" alt=\"\" loading=\"lazy\" \/>\t\t\t\t\t\t\t\t\t\t\t\t\t\t\t<\/div>\n\t\t\t\t<\/div>\n\t\t\t\t<div class=\"elementor-element elementor-element-767416a elementor-widget elementor-widget-text-editor\" data-id=\"767416a\" data-element_type=\"widget\" data-widget_type=\"text-editor.default\">\n\t\t\t\t<div class=\"elementor-widget-container\">\n\t\t\t\t\t\t\t\t\t<p><b>Antoine<\/b><strong>\u00a0<strong>PAVAGEAU<\/strong><\/strong><\/p><p>Charg\u00e9 de communication<\/p>\t\t\t\t\t\t\t\t<\/div>\n\t\t\t\t<\/div>\n\t\t\t\t<\/div>\n\t\t\t\t\t<\/div>\n\t\t\t\t<\/div>\n\t\t<div class=\"elementor-element elementor-element-65f0426 e-flex e-con-boxed e-con e-parent\" data-id=\"65f0426\" data-element_type=\"container\" data-settings=\"{&quot;background_background&quot;:&quot;classic&quot;}\">\n\t\t\t\t\t<div class=\"e-con-inner\">\n\t\t<div class=\"elementor-element elementor-element-48aada0 e-grid e-con-full e-con e-child\" data-id=\"48aada0\" data-element_type=\"container\">\n\t\t\t\t<div class=\"elementor-element elementor-element-0b21cb6 elementor-widget-mobile__width-inherit elementor-widget elementor-widget-text-editor\" data-id=\"0b21cb6\" data-element_type=\"widget\" data-widget_type=\"text-editor.default\">\n\t\t\t\t<div class=\"elementor-widget-container\">\n\t\t\t\t\t\t\t\t\t<p style=\"font-weight: 900; line-height: 1em; margin: 0;\"><strong>D\u00c9COUVREZ&nbsp;<\/strong><strong>LE DOMAINE<\/strong><\/p>\n<p style=\"margin-top: 0.5em;\">EN VID\u00c9O<\/p>\t\t\t\t\t\t\t\t<\/div>\n\t\t\t\t<\/div>\n\t\t\t\t<div class=\"elementor-element elementor-element-6397896 elementor-widget__width-initial elementor-widget elementor-widget-video\" data-id=\"6397896\" data-element_type=\"widget\" data-settings=\"{&quot;youtube_url&quot;:&quot;https:\\\/\\\/www.youtube.com\\\/watch?v=PPkp9Fy4BqY&amp;ab_channel=LaVall%C3%A9eDelaRoche&quot;,&quot;autoplay&quot;:&quot;yes&quot;,&quot;mute&quot;:&quot;yes&quot;,&quot;video_type&quot;:&quot;youtube&quot;,&quot;controls&quot;:&quot;yes&quot;}\" data-widget_type=\"video.default\">\n\t\t\t\t<div class=\"elementor-widget-container\">\n\t\t\t\t\t\t\t<div class=\"elementor-wrapper elementor-open-inline\">\n\t\t\t<div class=\"elementor-video\"><\/div>\t\t<\/div>\n\t\t\t\t\t\t<\/div>\n\t\t\t\t<\/div>\n\t\t\t\t<\/div>\n\t\t\t\t\t<\/div>\n\t\t\t\t<\/div>\n\t\t<div class=\"elementor-element elementor-element-17c9da4 e-flex e-con-boxed e-con e-parent\" data-id=\"17c9da4\" data-element_type=\"container\">\n\t\t\t\t\t<div class=\"e-con-inner\">\n\t\t\t\t<div class=\"elementor-element elementor-element-e025f53 elementor-widget elementor-widget-spacer\" data-id=\"e025f53\" data-element_type=\"widget\" data-widget_type=\"spacer.default\">\n\t\t\t\t<div class=\"elementor-widget-container\">\n\t\t\t\t\t\t\t<div class=\"elementor-spacer\">\n\t\t\t<div class=\"elementor-spacer-inner\"><\/div>\n\t\t<\/div>\n\t\t\t\t\t\t<\/div>\n\t\t\t\t<\/div>\n\t\t\t\t\t<\/div>\n\t\t\t\t<\/div>\n\t\t\t\t<\/div>\n\t\t","protected":false},"excerpt":{"rendered":"<p>UN DOMAINE D\u2019EXCEPTION EN VEND\u00c9E A environ 15mn du\u00a0Puy du Fou\u00ae\u00a0cette ferme vend\u00e9enne r\u00e9nov\u00e9e\u00a0vous offre ces g\u00eetes d\u2019exception am\u00e9nag\u00e9s avec confort et modernit\u00e9 de 6 \u00e0 24 personnes dans des lieux enti\u00e8rement restaur\u00e9s. La Vall\u00e9e de la Roche vous accueille toute l\u2019ann\u00e9e et est l\u2019endroit id\u00e9al pour passer un s\u00e9jour agr\u00e9able en famille ou entres [&hellip;]<\/p>\n","protected":false},"author":1,"featured_media":0,"parent":0,"menu_order":0,"comment_status":"closed","ping_status":"closed","template":"elementor_header_footer","meta":{"footnotes":""},"class_list":["post-7","page","type-page","status-publish","hentry"],"_links":{"self":[{"href":"https:\/\/valleedelaroche.loxys.fr\/index.php?rest_route=\/wp\/v2\/pages\/7","targetHints":{"allow":["GET"]}}],"collection":[{"href":"https:\/\/valleedelaroche.loxys.fr\/index.php?rest_route=\/wp\/v2\/pages"}],"about":[{"href":"https:\/\/valleedelaroche.loxys.fr\/index.php?rest_route=\/wp\/v2\/types\/page"}],"author":[{"embeddable":true,"href":"https:\/\/valleedelaroche.loxys.fr\/index.php?rest_route=\/wp\/v2\/users\/1"}],"replies":[{"embeddable":true,"href":"https:\/\/valleedelaroche.loxys.fr\/index.php?rest_route=%2Fwp%2Fv2%2Fcomments&post=7"}],"version-history":[{"count":21,"href":"https:\/\/valleedelaroche.loxys.fr\/index.php?rest_route=\/wp\/v2\/pages\/7\/revisions"}],"predecessor-version":[{"id":781,"href":"https:\/\/valleedelaroche.loxys.fr\/index.php?rest_route=\/wp\/v2\/pages\/7\/revisions\/781"}],"wp:attachment":[{"href":"https:\/\/valleedelaroche.loxys.fr\/index.php?rest_route=%2Fwp%2Fv2%2Fmedia&parent=7"}],"curies":[{"name":"wp","href":"https:\/\/api.w.org\/{rel}","templated":true}]}}